{"id":17,"date":"2017-09-17T18:51:14","date_gmt":"2017-09-17T18:51:14","guid":{"rendered":"http:\/\/lavanderialabuhaira.com\/?page_id=17"},"modified":"2020-01-03T19:20:33","modified_gmt":"2020-01-03T19:20:33","slug":"proximo-curso-para-actores","status":"publish","type":"page","link":"https:\/\/gyp-medizintechnik.com\/eva-colpo\/","title":{"rendered":"EL SISTEMA EVA (Evaluaci\u00f3n Visual Avanzada)"},"content":{"rendered":"<p>[vc_row type=\u00bbvc_default\u00bb full_width=\u00bbstretch_row\u00bb css=\u00bb.vc_custom_1573404245177{margin-top: -40px !important;background-image: url(https:\/\/gyp-medizintechnik.com\/eva-colpo\/wp-content\/uploads\/colp_banner.jpg?id=280) !important;background-position: center !important;background-repeat: no-repeat !important;background-size: cover !important;}\u00bb][vc_column width=\u00bb1\/2&#8243;][vc_empty_space height=\u00bb6px\u00bb][vc_empty_space height=\u00bb12px\u00bb][vc_column_text]<\/p>\n<h1 style=\"color: #ffffff;\">El colposcopio inteligente<\/h1>\n<h4 style=\"color: #ffffff;\">Haz del examen vulvar y cervical algo sencillo, r\u00e1pido, efectivo y seguro para ti y tus pacientes<\/h4>\n<p>[\/vc_column_text][vc_btn title=\u00bbSolicita tu demo\u00bb shape=\u00bbsquare\u00bb color=\u00bbsuccess\u00bb i_icon_fontawesome=\u00bbfa fa-hand-o-right\u00bb link=\u00bburl:https%3A%2F%2Fgyp-medizintechnik.com%2Feva-colpo%2Fcontacto%2F|title:Contacto||\u00bb add_icon=\u00bbtrue\u00bb][vc_empty_space height=\u00bb12px\u00bb][vc_empty_space height=\u00bb12px\u00bb][\/vc_column][vc_column width=\u00bb1\/2&#8243;][\/vc_column][\/vc_row][vc_row][vc_column][vc_empty_space][vc_empty_space height=\u00bb12px\u00bb][\/vc_column][\/vc_row][vc_row type=\u00bbvc_default\u00bb full_width=\u00bbstretch_row_content_no_spaces\u00bb el_id=\u00bbnomovil\u00bb][vc_column][vc_column_text]<img decoding=\"async\" loading=\"lazy\" class=\"aligncenter size-full wp-image-226\" src=\"https:\/\/gyp-medizintechnik.com\/eva-colpo\/wp-content\/uploads\/img-2.jpg\" alt=\"\" width=\"1340\" height=\"464\" srcset=\"https:\/\/gyp-medizintechnik.com\/eva-colpo\/wp-content\/uploads\/img-2.jpg 1340w, https:\/\/gyp-medizintechnik.com\/eva-colpo\/wp-content\/uploads\/img-2-300x104.jpg 300w, https:\/\/gyp-medizintechnik.com\/eva-colpo\/wp-content\/uploads\/img-2-768x266.jpg 768w, https:\/\/gyp-medizintechnik.com\/eva-colpo\/wp-content\/uploads\/img-2-1024x355.jpg 1024w\" sizes=\"(max-width: 1340px) 100vw, 1340px\" \/>[\/vc_column_text][\/vc_column][\/vc_row][vc_row type=\u00bbvc_default\u00bb full_width=\u00bbstretch_row_content_no_spaces\u00bb el_id=\u00bbmovil\u00bb][vc_column width=\u00bb1\/2&#8243;][vc_single_image image=\u00bb229&#8243; img_size=\u00bbfull\u00bb][\/vc_column][vc_column width=\u00bb1\/2&#8243;][vc_single_image image=\u00bb230&#8243; img_size=\u00bbfull\u00bb][\/vc_column][\/vc_row][vc_row][vc_column][vc_empty_space][\/vc_column][\/vc_row][vc_row type=\u00bbvc_default\u00bb full_width=\u00bbstretch_row\u00bb][vc_column width=\u00bb1\/3&#8243;][vc_single_image image=\u00bb234&#8243; img_size=\u00bb450&#215;450&#8243; alignment=\u00bbcenter\u00bb][\/vc_column][vc_column width=\u00bb2\/3&#8243;][vc_column_text]<\/p>\n<h2>El Dispositivo<\/h2>\n<p>[\/vc_column_text][vc_separator color=\u00bbcustom\u00bb style=\u00bbdashed\u00bb accent_color=\u00bb#11a09a\u00bb css=\u00bb.vc_custom_1573394746655{margin-top: -15px !important;}\u00bb][vc_empty_space height=\u00bb12px\u00bb][vc_column_text]<\/p>\n<div style=\"background-color: #11a09a; padding: 20px;\">\n<h4 style=\"color: #ffffff;\">INALAMBRICO, El Dispositivo PORT\u00c1TIL Y PODEROSO.<\/h4>\n<ul style=\"color: #ffffff; font-size: 120%;\">\n<li>Im\u00e1genes de alta resoluci\u00f3n<\/li>\n<li>16X ampliaci\u00f3n visual<\/li>\n<li>Luz ultra-brillante, con polarizador cruzado para reducir sombras<\/li>\n<li>Dispositivo con pantalla grande y c\u00e1mara de 13mp.<\/li>\n<li>Bater\u00eda dura mas de 10 horas<\/li>\n<\/ul>\n<\/div>\n<p>[\/vc_column_text][\/vc_column][\/vc_row][vc_row][vc_column][vc_empty_space][vc_empty_space][\/vc_column][\/vc_row][vc_row type=\u00bbvc_default\u00bb full_width=\u00bbstretch_row\u00bb][vc_column width=\u00bb1\/3&#8243;][vc_single_image image=\u00bb237&#8243; img_size=\u00bb450&#215;450&#8243; alignment=\u00bbcenter\u00bb][\/vc_column][vc_column width=\u00bb2\/3&#8243;][vc_column_text]<\/p>\n<h2>La Aplicaci\u00f3n<\/h2>\n<p>[\/vc_column_text][vc_separator color=\u00bbcustom\u00bb style=\u00bbdashed\u00bb accent_color=\u00bb#11a09a\u00bb css=\u00bb.vc_custom_1573394746655{margin-top: -15px !important;}\u00bb][vc_empty_space height=\u00bb12px\u00bb][vc_column_text]<\/p>\n<div style=\"background-color: #11a09a; padding: 20px;\">\n<h4 style=\"color: #ffffff;\">Una aplicaci\u00f3n que cumple con todas las reglas de HIIPA.<\/h4>\n<div style=\"color: #ffffff; font-size: 120%;\">\n<p>\u2794 Puede obtener informaci\u00f3n importante del paciente<\/p>\n<p>\u2794 F\u00e1cil de captar im\u00e1genes y v\u00eddeos<\/p>\n<p>\u2794 Puede anotar directamente en la imagen, incluyendo el \u00e1rea donde se hizo la biopsia<\/p>\n<p>\u2794 Se puede transmitir en vivo usando Zoom<\/p>\n<\/div>\n<\/div>\n<p>[\/vc_column_text][\/vc_column][\/vc_row][vc_row][vc_column][vc_empty_space][vc_empty_space][\/vc_column][\/vc_row][vc_row type=\u00bbvc_default\u00bb full_width=\u00bbstretch_row\u00bb][vc_column width=\u00bb1\/3&#8243;][vc_single_image image=\u00bb240&#8243; img_size=\u00bb450&#215;450&#8243; alignment=\u00bbcenter\u00bb][\/vc_column][vc_column width=\u00bb2\/3&#8243;][vc_column_text]<\/p>\n<h2>El Portal<\/h2>\n<p>[\/vc_column_text][vc_separator color=\u00bbcustom\u00bb style=\u00bbdashed\u00bb accent_color=\u00bb#11a09a\u00bb css=\u00bb.vc_custom_1573394746655{margin-top: -15px !important;}\u00bb][vc_empty_space height=\u00bb12px\u00bb][vc_column_text]<\/p>\n<div style=\"background-color: #11a09a; padding: 20px;\">\n<h4 style=\"color: #ffffff;\">En el portal puede guardar y evaluar casos \u2013 Se puede imprimir un reporte.<\/h4>\n<h4 style=\"color: #ffffff;\">Tambi\u00e9n puede consultar o bridar recomendaciones.<\/h4>\n<h4 style=\"color: #ffffff;\">Le permite evaluar usuarios o uso del sistema \u2013 Se puede crear reportes.<\/h4>\n<h4 style=\"color: #ffffff;\">Se puede exportar a registros electr\u00f3nicos.<\/h4>\n<\/div>\n<p>[\/vc_column_text][\/vc_column][\/vc_row][vc_row][vc_column][vc_empty_space][vc_empty_space][\/vc_column][\/vc_row][vc_row type=\u00bbvc_default\u00bb full_width=\u00bbstretch_row\u00bb][vc_column][vc_column_text]<\/p>\n<h2 style=\"color: #505050;\">EVA AGILIZA EL FLUJO DE TRABAJO<\/h2>\n<p>[\/vc_column_text][vc_separator color=\u00bbcustom\u00bb style=\u00bbdashed\u00bb accent_color=\u00bb#11a09a\u00bb css=\u00bb.vc_custom_1573394746655{margin-top: -15px !important;}\u00bb][\/vc_column][\/vc_row][vc_row type=\u00bbvc_default\u00bb full_width=\u00bbstretch_row\u00bb css=\u00bb.vc_custom_1573396966029{margin-top: -20px !important;}\u00bb][vc_column][vc_column_text]<img decoding=\"async\" loading=\"lazy\" class=\"aligncenter size-full wp-image-242\" src=\"https:\/\/gyp-medizintechnik.com\/eva-colpo\/wp-content\/uploads\/img-12.jpg\" alt=\"\" width=\"1600\" height=\"405\" srcset=\"https:\/\/gyp-medizintechnik.com\/eva-colpo\/wp-content\/uploads\/img-12.jpg 1600w, https:\/\/gyp-medizintechnik.com\/eva-colpo\/wp-content\/uploads\/img-12-300x76.jpg 300w, https:\/\/gyp-medizintechnik.com\/eva-colpo\/wp-content\/uploads\/img-12-768x194.jpg 768w, https:\/\/gyp-medizintechnik.com\/eva-colpo\/wp-content\/uploads\/img-12-1024x259.jpg 1024w\" sizes=\"(max-width: 1600px) 100vw, 1600px\" \/>[\/vc_column_text][\/vc_column][\/vc_row][vc_row type=\u00bbvc_default\u00bb full_width=\u00bbstretch_row\u00bb css=\u00bb.vc_custom_1573397262449{margin-top: -30px !important;}\u00bb][vc_column width=\u00bb1\/6&#8243;][vc_column_text]<\/p>\n<div style=\"background-color: #11a09a; padding: 40px 40px 12px 12px; color: #ffffff; font-size: 180%; width: 40px;\">\n<p><strong>01<\/strong><\/p>\n<\/div>\n<p>[\/vc_column_text][vc_column_text css=\u00bb.vc_custom_1573397539841{margin-top: -12px !important;}\u00bb]<\/p>\n<div style=\"font-size: 115%;\">\n<p>SE GUARDA LA INFORMACION DE LA PACIENTE<\/p>\n<\/div>\n<p>[\/vc_column_text][\/vc_column][vc_column width=\u00bb1\/6&#8243;][vc_column_text]<\/p>\n<div style=\"background-color: #11a09a; padding: 40px 40px 12px 12px; color: #ffffff; font-size: 180%; width: 40px;\">\n<p><strong>02<\/strong><\/p>\n<\/div>\n<p>[\/vc_column_text][vc_column_text css=\u00bb.vc_custom_1573397546101{margin-top: -12px !important;}\u00bb]<\/p>\n<div style=\"font-size: 115%;\">\n<p>SE HACE LA VISUALIZACION, SE CAPTURA LA IMAGEN Y HACE SUS ANOTACIONES<\/p>\n<\/div>\n<p>[\/vc_column_text][\/vc_column][vc_column width=\u00bb1\/6&#8243;][vc_column_text]<\/p>\n<div style=\"background-color: #11a09a; padding: 40px 40px 12px 12px; color: #ffffff; font-size: 180%; width: 40px;\">\n<p><strong>03<\/strong><\/p>\n<\/div>\n<p>[\/vc_column_text][vc_column_text css=\u00bb.vc_custom_1573397553569{margin-top: -12px !important;}\u00bb]<\/p>\n<div style=\"font-size: 115%;\">\n<p>REGISTRA SU IMPRESI\u00d3N DEL ESTUDIO Y EL LUGAR DE LA BIOPSIA<\/p>\n<\/div>\n<p>[\/vc_column_text][\/vc_column][vc_column width=\u00bb1\/6&#8243;][vc_column_text]<\/p>\n<div style=\"background-color: #11a09a; padding: 40px 40px 12px 12px; color: #ffffff; font-size: 180%; width: 40px;\">\n<p><strong>04<\/strong><\/p>\n<\/div>\n<p>[\/vc_column_text][vc_column_text css=\u00bb.vc_custom_1573397559684{margin-top: -12px !important;}\u00bb]<\/p>\n<div style=\"font-size: 115%;\">\n<p>EL PORTAL ORGANIZA EL ESTUDIO Y CREA REPORTES<\/p>\n<\/div>\n<p>[\/vc_column_text][\/vc_column][vc_column width=\u00bb2\/6&#8243;][vc_column_text]<\/p>\n<div style=\"background-color: #11a09a; padding: 40px 40px 12px 12px; color: #ffffff; font-size: 180%; width: 40px;\">\n<p><strong>05<\/strong><\/p>\n<\/div>\n<p>[\/vc_column_text][vc_column_text css=\u00bb.vc_custom_1573397568371{margin-top: -12px !important;}\u00bb]<\/p>\n<div style=\"font-size: 115%;\">\n<p>EL SISTEMA PERMITE QUE PUEDA COLABORAR CON COLEGAS EN CUALQUIER PARTE DEL MUNDO<\/p>\n<\/div>\n<p>[\/vc_column_text][\/vc_column][\/vc_row][vc_row][vc_column][vc_empty_space][vc_empty_space][\/vc_column][\/vc_row][vc_row type=\u00bbvc_default\u00bb full_width=\u00bbstretch_row\u00bb][vc_column][vc_column_text]<\/p>\n<h2 style=\"color: #505050;\">Las Ventajas del Sistema EVA<\/h2>\n<p>[\/vc_column_text][vc_separator color=\u00bbcustom\u00bb style=\u00bbdashed\u00bb accent_color=\u00bb#11a09a\u00bb css=\u00bb.vc_custom_1573394746655{margin-top: -15px !important;}\u00bb][vc_column_text]<\/p>\n<h3><strong>Reemplaza la tecnolog\u00eda actual con un sistema port\u00e1til, conectado al internet, con herramientas de valor agregado<\/strong><\/h3>\n<p>[\/vc_column_text][\/vc_column][\/vc_row][vc_row type=\u00bbvc_default\u00bb full_width=\u00bbstretch_row\u00bb el_id=\u00bbnomovil\u00bb][vc_column][vc_column_text]<img decoding=\"async\" loading=\"lazy\" class=\"aligncenter size-full wp-image-245\" src=\"https:\/\/gyp-medizintechnik.com\/eva-colpo\/wp-content\/uploads\/img-15.jpg\" alt=\"\" width=\"1500\" height=\"607\" srcset=\"https:\/\/gyp-medizintechnik.com\/eva-colpo\/wp-content\/uploads\/img-15.jpg 1500w, https:\/\/gyp-medizintechnik.com\/eva-colpo\/wp-content\/uploads\/img-15-300x121.jpg 300w, https:\/\/gyp-medizintechnik.com\/eva-colpo\/wp-content\/uploads\/img-15-768x311.jpg 768w, https:\/\/gyp-medizintechnik.com\/eva-colpo\/wp-content\/uploads\/img-15-1024x414.jpg 1024w\" sizes=\"(max-width: 1500px) 100vw, 1500px\" \/>[\/vc_column_text][\/vc_column][\/vc_row][vc_row type=\u00bbvc_default\u00bb full_width=\u00bbstretch_row\u00bb el_id=\u00bbmovil\u00bb][vc_column width=\u00bb1\/3&#8243;][vc_column_text]<img decoding=\"async\" loading=\"lazy\" class=\"aligncenter size-full wp-image-246\" src=\"https:\/\/gyp-medizintechnik.com\/eva-colpo\/wp-content\/uploads\/img-16.jpg\" alt=\"\" width=\"628\" height=\"607\" srcset=\"https:\/\/gyp-medizintechnik.com\/eva-colpo\/wp-content\/uploads\/img-16.jpg 628w, https:\/\/gyp-medizintechnik.com\/eva-colpo\/wp-content\/uploads\/img-16-300x290.jpg 300w\" sizes=\"(max-width: 628px) 100vw, 628px\" \/>[\/vc_column_text][\/vc_column][vc_column width=\u00bb2\/3&#8243;][vc_column_text]<img decoding=\"async\" loading=\"lazy\" class=\"aligncenter size-full wp-image-247\" src=\"https:\/\/gyp-medizintechnik.com\/eva-colpo\/wp-content\/uploads\/img-17.jpg\" alt=\"\" width=\"872\" height=\"607\" srcset=\"https:\/\/gyp-medizintechnik.com\/eva-colpo\/wp-content\/uploads\/img-17.jpg 872w, https:\/\/gyp-medizintechnik.com\/eva-colpo\/wp-content\/uploads\/img-17-300x209.jpg 300w, https:\/\/gyp-medizintechnik.com\/eva-colpo\/wp-content\/uploads\/img-17-768x535.jpg 768w\" sizes=\"(max-width: 872px) 100vw, 872px\" \/>[\/vc_column_text][\/vc_column][\/vc_row][vc_row][vc_column][vc_empty_space][vc_empty_space][\/vc_column][\/vc_row][vc_row type=\u00bbvc_default\u00bb full_width=\u00bbstretch_row\u00bb][vc_column][vc_column_text]<\/p>\n<h2>EVA ES USADO PARA INVESTIGAR EL CANCER DE CUELLO UTERINO<\/h2>\n<p>[\/vc_column_text][vc_separator color=\u00bbcustom\u00bb style=\u00bbdashed\u00bb accent_color=\u00bb#11a09a\u00bb css=\u00bb.vc_custom_1573394746655{margin-top: -15px !important;}\u00bb][vc_column_text]<\/p>\n<h4 style=\"color: #505050;\">THE CENTERS FOR VULVOVAGINAL DISORDERS<\/h4>\n<p>[\/vc_column_text][\/vc_column][\/vc_row][vc_row type=\u00bbvc_default\u00bb full_width=\u00bbstretch_row\u00bb][vc_column width=\u00bb1\/6&#8243;][vc_single_image image=\u00bb248&#8243; img_size=\u00bb300&#215;300&#8243; alignment=\u00bbcenter\u00bb][\/vc_column][vc_column width=\u00bb1\/6&#8243;][vc_single_image image=\u00bb263&#8243; img_size=\u00bb300&#215;300&#8243; alignment=\u00bbcenter\u00bb][\/vc_column][vc_column width=\u00bb1\/6&#8243;][vc_single_image image=\u00bb250&#8243; img_size=\u00bb300&#215;300&#8243; alignment=\u00bbcenter\u00bb][\/vc_column][vc_column width=\u00bb1\/6&#8243;][vc_single_image image=\u00bb264&#8243; img_size=\u00bb300&#215;300&#8243; alignment=\u00bbcenter\u00bb][\/vc_column][vc_column width=\u00bb1\/6&#8243;][vc_single_image image=\u00bb252&#8243; img_size=\u00bb300&#215;300&#8243; alignment=\u00bbcenter\u00bb][\/vc_column][vc_column width=\u00bb1\/6&#8243;][vc_single_image image=\u00bb253&#8243; img_size=\u00bb300&#215;300&#8243; alignment=\u00bbcenter\u00bb][\/vc_column][\/vc_row][vc_row type=\u00bbvc_default\u00bb full_width=\u00bbstretch_row\u00bb][vc_column width=\u00bb1\/6&#8243;][vc_single_image image=\u00bb254&#8243; img_size=\u00bb300&#215;300&#8243; alignment=\u00bbcenter\u00bb][\/vc_column][vc_column width=\u00bb1\/6&#8243;][vc_single_image image=\u00bb255&#8243; img_size=\u00bb300&#215;300&#8243; alignment=\u00bbcenter\u00bb][\/vc_column][vc_column width=\u00bb1\/6&#8243;][vc_single_image image=\u00bb256&#8243; img_size=\u00bb300&#215;300&#8243; alignment=\u00bbcenter\u00bb][\/vc_column][vc_column width=\u00bb1\/6&#8243;][vc_single_image image=\u00bb257&#8243; img_size=\u00bb300&#215;300&#8243; alignment=\u00bbcenter\u00bb][\/vc_column][vc_column width=\u00bb1\/6&#8243;][vc_single_image image=\u00bb258&#8243; img_size=\u00bb300&#215;300&#8243; alignment=\u00bbcenter\u00bb][\/vc_column][vc_column width=\u00bb1\/6&#8243;][vc_single_image image=\u00bb259&#8243; img_size=\u00bb300&#215;300&#8243; alignment=\u00bbcenter\u00bb][\/vc_column][\/vc_row][vc_row type=\u00bbvc_default\u00bb full_width=\u00bbstretch_row\u00bb][vc_column width=\u00bb1\/6&#8243;][vc_single_image image=\u00bb260&#8243; img_size=\u00bb300&#215;300&#8243; alignment=\u00bbcenter\u00bb][\/vc_column][vc_column width=\u00bb1\/6&#8243;][\/vc_column][vc_column width=\u00bb1\/6&#8243;][\/vc_column][vc_column width=\u00bb1\/6&#8243;][\/vc_column][vc_column width=\u00bb1\/6&#8243;][\/vc_column][vc_column width=\u00bb1\/6&#8243;][\/vc_column][\/vc_row][vc_row][vc_column][vc_empty_space][\/vc_column][\/vc_row][vc_row type=\u00bbvc_default\u00bb full_width=\u00bbstretch_row\u00bb][vc_column][vc_column_text]<\/p>\n<h4>LO QUE VIENE<\/h4>\n<p>[\/vc_column_text][vc_separator color=\u00bbcustom\u00bb style=\u00bbdashed\u00bb accent_color=\u00bb#11a09a\u00bb css=\u00bb.vc_custom_1573394746655{margin-top: -15px !important;}\u00bb][vc_column_text]<\/p>\n<h3 style=\"color: #505050;\">Inteligencia Aumentada: Evaluaci\u00f3n Visual Autom\u00e1tica (AVE por sus siglas en Ingl\u00e9s)<\/h3>\n<p>[\/vc_column_text][\/vc_column][\/vc_row][vc_row][vc_column width=\u00bb1\/3&#8243;][vc_column_text]<img decoding=\"async\" loading=\"lazy\" class=\"aligncenter size-full wp-image-266\" src=\"https:\/\/gyp-medizintechnik.com\/eva-colpo\/wp-content\/uploads\/img-20.jpg\" alt=\"\" width=\"596\" height=\"367\" srcset=\"https:\/\/gyp-medizintechnik.com\/eva-colpo\/wp-content\/uploads\/img-20.jpg 596w, https:\/\/gyp-medizintechnik.com\/eva-colpo\/wp-content\/uploads\/img-20-300x185.jpg 300w\" sizes=\"(max-width: 596px) 100vw, 596px\" \/>[\/vc_column_text][vc_column_text]<\/p>\n<h2>EVA: Colposcopio<\/h2>\n<h3>Supera las barreras existentes con las pruebas de detecci\u00f3n actuales<\/h3>\n<ul>\n<li>Asequible y f\u00e1cil de usar permite una implementaci\u00f3n r\u00e1pida<\/li>\n<li>Port\u00e1til para poder llegar a todo lugar<\/li>\n<li>Habilita AVE y Colposcopia es una misma visita<\/li>\n<\/ul>\n<p>[\/vc_column_text][\/vc_column][vc_column width=\u00bb1\/3&#8243;][vc_column_text]<img decoding=\"async\" loading=\"lazy\" class=\"aligncenter size-full wp-image-267\" src=\"https:\/\/gyp-medizintechnik.com\/eva-colpo\/wp-content\/uploads\/img-21.jpg\" alt=\"\" width=\"596\" height=\"571\" srcset=\"https:\/\/gyp-medizintechnik.com\/eva-colpo\/wp-content\/uploads\/img-21.jpg 596w, https:\/\/gyp-medizintechnik.com\/eva-colpo\/wp-content\/uploads\/img-21-300x287.jpg 300w\" sizes=\"(max-width: 596px) 100vw, 596px\" \/>[\/vc_column_text][\/vc_column][vc_column width=\u00bb1\/3&#8243;][vc_column_text]<img decoding=\"async\" loading=\"lazy\" class=\"aligncenter size-full wp-image-268\" src=\"https:\/\/gyp-medizintechnik.com\/eva-colpo\/wp-content\/uploads\/img-22.jpg\" alt=\"\" width=\"596\" height=\"367\" srcset=\"https:\/\/gyp-medizintechnik.com\/eva-colpo\/wp-content\/uploads\/img-22.jpg 596w, https:\/\/gyp-medizintechnik.com\/eva-colpo\/wp-content\/uploads\/img-22-300x185.jpg 300w\" sizes=\"(max-width: 596px) 100vw, 596px\" \/>[\/vc_column_text][vc_column_text]<\/p>\n<h2>AVE: Prueba de detecci\u00f3n<\/h2>\n<h3>Supera las barreras de detecci\u00f3n y tratamiento<\/h3>\n<ul>\n<li>La mas alta sensibilidad disponible, reduce biopsias innecesarias<\/li>\n<li>Resultados inmediatos en el momento del examen, reduce el tiempo de tratamiento<\/li>\n<li>Se ahorran millones de d\u00f3lares asociados con el uso de Papanicolau<\/li>\n<\/ul>\n<p>[\/vc_column_text][\/vc_column][\/vc_row][vc_row][vc_column][vc_empty_space][\/vc_column][\/vc_row][vc_row type=\u00bbvc_default\u00bb full_width=\u00bbstretch_row\u00bb][vc_column][vc_column_text]<\/p>\n<h2>AVALADO CIENT\u00cdFICAMENTE<\/h2>\n<p>[\/vc_column_text][vc_separator color=\u00bbcustom\u00bb style=\u00bbdashed\u00bb accent_color=\u00bb#11a09a\u00bb css=\u00bb.vc_custom_1573394746655{margin-top: -15px !important;}\u00bb][\/vc_column][\/vc_row][vc_row][vc_column width=\u00bb1\/3&#8243;][vc_single_image image=\u00bb273&#8243; img_size=\u00bbfull\u00bb onclick=\u00bblink_image\u00bb][\/vc_column][vc_column width=\u00bb1\/3&#8243;][vc_single_image image=\u00bb272&#8243; img_size=\u00bbfull\u00bb onclick=\u00bblink_image\u00bb][\/vc_column][vc_column width=\u00bb1\/3&#8243;][vc_single_image image=\u00bb271&#8243; img_size=\u00bbfull\u00bb onclick=\u00bblink_image\u00bb][\/vc_column][\/vc_row][vc_row][vc_column][vc_empty_space][vc_empty_space][vc_empty_space][\/vc_column][\/vc_row][vc_row type=\u00bbvc_default\u00bb full_width=\u00bbstretch_row\u00bb][vc_column width=\u00bb1\/3&#8243;][vc_single_image image=\u00bb274&#8243; img_size=\u00bb450&#215;450&#8243; alignment=\u00bbcenter\u00bb][\/vc_column][vc_column width=\u00bb2\/3&#8243;][vc_column_text]<\/p>\n<h2>AVE en el Sistema EVA<\/h2>\n<p>[\/vc_column_text][vc_separator color=\u00bbcustom\u00bb style=\u00bbdashed\u00bb accent_color=\u00bb#11a09a\u00bb css=\u00bb.vc_custom_1573394746655{margin-top: -15px !important;}\u00bb][vc_empty_space height=\u00bb12px\u00bb][vc_column_text]<\/p>\n<div style=\"background-color: #11a09a; padding: 20px;\">\n<h4 style=\"color: #ffffff;\">Evaluaci\u00f3n Visual Autom\u00e1tica:<\/h4>\n<div style=\"color: #ffffff; font-size: 120%;\">\n<p>\u2794 Provee resultados inmediatos; Solo apunte, enfoque y capture la imagen<\/p>\n<p>\u2794 No necesita laboratorios, ni esperar por los resultados<\/p>\n<p>\u2794 No es invasivo<\/p>\n<p>\u2794 Alta Sensibilidad y especificidad (validadas por el NCI)<\/p>\n<\/div>\n<\/div>\n<p>[\/vc_column_text][\/vc_column][\/vc_row][vc_row][vc_column][vc_empty_space][vc_empty_space][vc_empty_space][\/vc_column][\/vc_row][vc_row type=\u00bbvc_default\u00bb full_width=\u00bbstretch_row\u00bb][vc_column width=\u00bb1\/3&#8243;][vc_single_image image=\u00bb276&#8243; img_size=\u00bbfull\u00bb alignment=\u00bbcenter\u00bb][\/vc_column][vc_column width=\u00bb2\/3&#8243;][vc_column_text]<a name=\"demo\"><\/a>[\/vc_column_text][vc_column_text]<a href=\"https:\/\/www.gyp-medizintechnik.com\/\" target=\"_blank\" rel=\"noopener noreferrer\"><img decoding=\"async\" class=\"aligncenter size-full wp-image-277\" src=\"https:\/\/gyp-medizintechnik.com\/eva-colpo\/wp-content\/uploads\/img-30.jpg\" alt=\"\" width=\"350\" srcset=\"https:\/\/gyp-medizintechnik.com\/eva-colpo\/wp-content\/uploads\/img-30.jpg 634w, https:\/\/gyp-medizintechnik.com\/eva-colpo\/wp-content\/uploads\/img-30-300x149.jpg 300w\" sizes=\"(max-width: 634px) 100vw, 634px\" \/><\/a>[\/vc_column_text][vc_separator color=\u00bbcustom\u00bb style=\u00bbdashed\u00bb accent_color=\u00bb#11a09a\u00bb css=\u00bb.vc_custom_1573394746655{margin-top: -15px !important;}\u00bb][vc_btn title=\u00bbSolicita tu demo\u00bb shape=\u00bbsquare\u00bb color=\u00bbsuccess\u00bb i_icon_fontawesome=\u00bbfa fa-hand-o-right\u00bb link=\u00bburl:https%3A%2F%2Fgyp-medizintechnik.com%2Feva-colpo%2Fcontacto%2F|title:Contacto||\u00bb add_icon=\u00bbtrue\u00bb][vc_empty_space height=\u00bb12px\u00bb][vc_column_text]<\/p>\n<h2 style=\"text-align: center;\">G&amp;P Medizintechnik<\/h2>\n<h3 style=\"text-align: center;\"><a style=\"color: #11a09a;\" href=\"mailto:info@gyp-medizintechnik.com\" target=\"_blank\" rel=\"noopener noreferrer\">info@gyp-medizintechnik.com<\/a><\/h3>\n<h3 style=\"text-align: center;\">Espa\u00f1a y Portugal +34 644 769 955 &#8211; +34 695 384 648<\/h3>\n<h3 style=\"text-align: center;\">M\u00e9xico +52 2221216145 &#8211; +52 2221289991<\/h3>\n<p>[\/vc_column_text][\/vc_column][\/vc_row][vc_row][vc_column][vc_empty_space][\/vc_column][\/vc_row]<\/p>\n","protected":false},"excerpt":{"rendered":"<p>[vc_row type=\u00bbvc_default\u00bb full_width=\u00bbstretch_row\u00bb css=\u00bb.vc_custom_1573404245177{margin-top: -40px !important;background-image: url(https:\/\/gyp-medizintechnik.com\/eva-colpo\/wp-content\/uploads\/colp_banner.jpg?id=280) !important;background-position: center !important;background-repeat: no-repeat !important;background-size: cover !important;}\u00bb][vc_column width=\u00bb1\/2&#8243;][vc_empty_space height=\u00bb6px\u00bb][vc_empty_space height=\u00bb12px\u00bb][vc_column_text] El colposcopio inteligente Haz del examen vulvar y cervical algo sencillo, r\u00e1pido, efectivo y seguro para ti y tus pacientes [\/vc_column_text][vc_btn title=\u00bbSolicita tu demo\u00bb shape=\u00bbsquare\u00bb color=\u00bbsuccess\u00bb i_icon_fontawesome=\u00bbfa fa-hand-o-right\u00bb link=\u00bburl:https%3A%2F%2Fgyp-medizintechnik.com%2Feva-colpo%2Fcontacto%2F|title:Contacto||\u00bb add_icon=\u00bbtrue\u00bb][vc_empty_space height=\u00bb12px\u00bb][vc_empty_space height=\u00bb12px\u00bb][\/vc_column][vc_column width=\u00bb1\/2&#8243;][\/vc_column][\/vc_row][vc_row][vc_column][vc_empty_space][vc_empty_space height=\u00bb12px\u00bb][\/vc_column][\/vc_row][vc_row type=\u00bbvc_default\u00bb full_width=\u00bbstretch_row_content_no_spaces\u00bb el_id=\u00bbnomovil\u00bb][vc_column][vc_column_text][\/vc_column_text][\/vc_column][\/vc_row][vc_row type=\u00bbvc_default\u00bb&hellip;<\/p>\n","protected":false},"author":1,"featured_media":0,"parent":0,"menu_order":0,"comment_status":"closed","ping_status":"closed","template":"","meta":[],"_links":{"self":[{"href":"https:\/\/gyp-medizintechnik.com\/eva-colpo\/wp-json\/wp\/v2\/pages\/17"}],"collection":[{"href":"https:\/\/gyp-medizintechnik.com\/eva-colpo\/wp-json\/wp\/v2\/pages"}],"about":[{"href":"https:\/\/gyp-medizintechnik.com\/eva-colpo\/wp-json\/wp\/v2\/types\/page"}],"author":[{"embeddable":true,"href":"https:\/\/gyp-medizintechnik.com\/eva-colpo\/wp-json\/wp\/v2\/users\/1"}],"replies":[{"embeddable":true,"href":"https:\/\/gyp-medizintechnik.com\/eva-colpo\/wp-json\/wp\/v2\/comments?post=17"}],"version-history":[{"count":123,"href":"https:\/\/gyp-medizintechnik.com\/eva-colpo\/wp-json\/wp\/v2\/pages\/17\/revisions"}],"predecessor-version":[{"id":291,"href":"https:\/\/gyp-medizintechnik.com\/eva-colpo\/wp-json\/wp\/v2\/pages\/17\/revisions\/291"}],"wp:attachment":[{"href":"https:\/\/gyp-medizintechnik.com\/eva-colpo\/wp-json\/wp\/v2\/media?parent=17"}],"curies":[{"name":"wp","href":"https:\/\/api.w.org\/{rel}","templated":true}]}}